{"id":588,"date":"2021-09-27T11:43:38","date_gmt":"2021-09-27T11:43:38","guid":{"rendered":"https:\/\/dr.rocateo.ubbcluj.ro\/iskola\/profil-es-struktura\/"},"modified":"2021-10-25T20:57:02","modified_gmt":"2021-10-25T20:57:02","slug":"profil-si-structura","status":"publish","type":"page","link":"https:\/\/dr.rocateo.ubbcluj.ro\/ro\/scoala-doctorala\/profil-si-structura\/","title":{"rendered":"Profil \u0219i structur\u0103"},"content":{"rendered":"<p>[vc_row][vc_column][vc_custom_heading text=&#8221;Profilul nostru&#8221; use_theme_fonts=&#8221;yes&#8221;][vc_column_text]\u0218coala noastr\u0103 doctoral\u0103 se angajeaz\u0103 s\u0103 dezvolte instrumente intelectuale care se vor dovedi utile \u0219i inovatoare pentru practica bisericeasc\u0103 \u0219i reflec\u021bia teologic\u0103 \u00een contextul actual al pluralit\u0103\u021bii religioase \u0219i etnice. Aceast\u0103 nou\u0103 paradigm\u0103 a cercet\u0103rii teologice urm\u0103re\u0219te s\u0103 asigure, al\u0103turi de o cunoa\u0219tere teologic\u0103 profund\u0103, capacitatea de reflec\u021bie pentru a dezvolta \u0219i demonstra aplicabilitatea practic\u0103 a cuno\u0219tin\u021belor \u00eentr-un mod care poate fi transversal la realit\u0103\u021bile diferitelor culturi \u0219i societ\u0103\u021bi. Scopul nostru este de a explora \u0219i de a reflecta asupra misterului persoanei umane, asupra frumuse\u021bii crea\u021biei \u0219i de a dezvolta o reflec\u021bie teologic\u0103 care s\u0103 fie \u00een slujba societ\u0103\u021bii \u0219i a umanit\u0103\u021bii \u0219i care s\u0103 se str\u0103duiasc\u0103 s\u0103 construiasc\u0103 o lume mai bun\u0103.[\/vc_column_text][\/vc_column][\/vc_row][vc_row gap=&#8221;1&#8243; el_class=&#8221;color-separator-row&#8221;][vc_column width=&#8221;1\/3&#8243; el_class=&#8221;first-col&#8221;][\/vc_column][vc_column width=&#8221;1\/3&#8243; el_class=&#8221;second-col&#8221;][\/vc_column][vc_column width=&#8221;1\/3&#8243; el_class=&#8221;third-col&#8221;][\/vc_column][\/vc_row][vc_row][vc_column][vc_custom_heading text=&#8221;Structur\u0103&#8221; use_theme_fonts=&#8221;yes&#8221;][vc_column_text]\u0218coala noastr\u0103 doctoral\u0103 este cel de-al treilea ciclu de studiu al Facult\u0103\u021bii de Teologie Romano-Catolic\u0103 a Universit\u0103\u021bii Babe\u0219-Bolyai, dup\u0103 programele de licen\u021b\u0103 \u0219i masterat \u00een teologie. Organizarea sa administrativ\u0103 face parte din <a href=\"https:\/\/doctorat.ubbcluj.ro\/ro\/\">Institutul de Doctorat<\/a> UBB. Programul de studii universitare de doctorat este reglementat printr-un ordin aprobat de Ministerul Educa\u021biei din Rom\u00e2nia. \u00cen acest sens, studiile de doctorat sunt \u00eemp\u0103r\u021bite \u00een dou\u0103 p\u0103r\u021bi, numite programe, care sunt de obicei structurate pe o durat\u0103 total\u0103 de trei ani, adic\u0103 \u0219ase semestre. Programul educa\u021bional organizat la nivel institu\u021bional asigur\u0103 dob\u00e2ndirea de cuno\u0219tin\u021be teoretice, \u00een timp ce programul de cercetare permite \u0219i sprijin\u0103 activitatea de cercetare independent\u0103.<\/p>\n<p>Institu\u021bia noastr\u0103 este condus\u0103 de directorul \u0218colii Doctorale, care este sprijinit de un consiliu format din membri ale\u0219i.[\/vc_column_text][\/vc_column][\/vc_row]<\/p>\n","protected":false},"excerpt":{"rendered":"<p>[vc_row][vc_column][vc_custom_heading text=&#8221;Profilul nostru&#8221; use_theme_fonts=&#8221;yes&#8221;][vc_column_text]\u0218coala noastr\u0103 doctoral\u0103 se angajeaz\u0103 s\u0103 dezvolte instrumente intelectuale care se vor dovedi utile \u0219i inovatoare pentru practica bisericeasc\u0103 \u0219i reflec\u021bia teologic\u0103 \u00een contextul actual al pluralit\u0103\u021bii religioase \u0219i etnice. Aceast\u0103 nou\u0103 paradigm\u0103 a cercet\u0103rii teologice urm\u0103re\u0219te s\u0103 asigure, al\u0103turi de o cunoa\u0219tere teologic\u0103 profund\u0103, capacitatea de reflec\u021bie pentru a dezvolta \u0219i&hellip;<\/p>\n","protected":false},"author":2,"featured_media":0,"parent":584,"menu_order":0,"comment_status":"closed","ping_status":"closed","template":"","meta":[],"_links":{"self":[{"href":"https:\/\/dr.rocateo.ubbcluj.ro\/ro\/wp-json\/wp\/v2\/pages\/588"}],"collection":[{"href":"https:\/\/dr.rocateo.ubbcluj.ro\/ro\/wp-json\/wp\/v2\/pages"}],"about":[{"href":"https:\/\/dr.rocateo.ubbcluj.ro\/ro\/wp-json\/wp\/v2\/types\/page"}],"author":[{"embeddable":true,"href":"https:\/\/dr.rocateo.ubbcluj.ro\/ro\/wp-json\/wp\/v2\/users\/2"}],"replies":[{"embeddable":true,"href":"https:\/\/dr.rocateo.ubbcluj.ro\/ro\/wp-json\/wp\/v2\/comments?post=588"}],"version-history":[{"count":3,"href":"https:\/\/dr.rocateo.ubbcluj.ro\/ro\/wp-json\/wp\/v2\/pages\/588\/revisions"}],"predecessor-version":[{"id":609,"href":"https:\/\/dr.rocateo.ubbcluj.ro\/ro\/wp-json\/wp\/v2\/pages\/588\/revisions\/609"}],"up":[{"embeddable":true,"href":"https:\/\/dr.rocateo.ubbcluj.ro\/ro\/wp-json\/wp\/v2\/pages\/584"}],"wp:attachment":[{"href":"https:\/\/dr.rocateo.ubbcluj.ro\/ro\/wp-json\/wp\/v2\/media?parent=588"}],"curies":[{"name":"wp","href":"https:\/\/api.w.org\/{rel}","templated":true}]}}