{"id":665,"date":"2021-09-28T09:45:09","date_gmt":"2021-09-28T09:45:09","guid":{"rendered":"https:\/\/dr.rocateo.ubbcluj.ro\/contact\/"},"modified":"2024-06-08T00:05:33","modified_gmt":"2024-06-08T00:05:33","slug":"contact","status":"publish","type":"page","link":"https:\/\/dr.rocateo.ubbcluj.ro\/ro\/contact\/","title":{"rendered":"Contact"},"content":{"rendered":"<p>[vc_row][vc_column width=&#8221;2\/3&#8243;][\/vc_column][vc_column width=&#8221;1\/3&#8243; el_class=&#8221;contact-right-col&#8221;][vc_single_image image=&#8221;119&#8243; img_size=&#8221;full&#8221;][vc_column_text]<strong>Universitatea Babe\u0219-Bolyai<\/strong><br \/>\n<strong>Facultatea de Teologie Romano-Catolic\u0103<\/strong><br \/>\n<strong>Scoala Doctoral\u0103 &#8211; Religie, Cultur\u0103, Societate<\/strong><\/p>\n<p>Str. Iuliu Maniu 5<br \/>\nRO 400095 Cluj Napoca<br \/>\nROMANIA<br \/>\nrocateo@ubbcluj.ro[\/vc_column_text][vc_column_text]<strong>Director \u0218coala Doctoral\u0103:<\/strong><br \/>\nHoll\u00f3 L\u00e1szl\u00f3 (hollo.laszlo@ubbcluj.ro)<\/p>\n<p><strong>Secretar \u0218coala Doctoral\u0103:<\/strong><br \/>\nBereczki Gy\u00f6ngyv\u00e9r (bereczki.gyongyver@ubbcluj.ro)[\/vc_column_text][\/vc_column][\/vc_row]<\/p>\n","protected":false},"excerpt":{"rendered":"<p>[vc_row][vc_column width=&#8221;2\/3&#8243;][\/vc_column][vc_column width=&#8221;1\/3&#8243; el_class=&#8221;contact-right-col&#8221;][vc_single_image image=&#8221;119&#8243; img_size=&#8221;full&#8221;][vc_column_text]Universitatea Babe\u0219-Bolyai Facultatea de Teologie Romano-Catolic\u0103 Scoala Doctoral\u0103 &#8211; Religie, Cultur\u0103, Societate Str. Iuliu Maniu 5 RO 400095 Cluj Napoca ROMANIA rocateo@ubbcluj.ro[\/vc_column_text][vc_column_text]Director \u0218coala Doctoral\u0103: Holl\u00f3 L\u00e1szl\u00f3 (hollo.laszlo@ubbcluj.ro) Secretar \u0218coala Doctoral\u0103: Bereczki Gy\u00f6ngyv\u00e9r (bereczki.gyongyver@ubbcluj.ro)[\/vc_column_text][\/vc_column][\/vc_row]<\/p>\n","protected":false},"author":2,"featured_media":0,"parent":0,"menu_order":0,"comment_status":"closed","ping_status":"closed","template":"","meta":[],"_links":{"self":[{"href":"https:\/\/dr.rocateo.ubbcluj.ro\/ro\/wp-json\/wp\/v2\/pages\/665"}],"collection":[{"href":"https:\/\/dr.rocateo.ubbcluj.ro\/ro\/wp-json\/wp\/v2\/pages"}],"about":[{"href":"https:\/\/dr.rocateo.ubbcluj.ro\/ro\/wp-json\/wp\/v2\/types\/page"}],"author":[{"embeddable":true,"href":"https:\/\/dr.rocateo.ubbcluj.ro\/ro\/wp-json\/wp\/v2\/users\/2"}],"replies":[{"embeddable":true,"href":"https:\/\/dr.rocateo.ubbcluj.ro\/ro\/wp-json\/wp\/v2\/comments?post=665"}],"version-history":[{"count":5,"href":"https:\/\/dr.rocateo.ubbcluj.ro\/ro\/wp-json\/wp\/v2\/pages\/665\/revisions"}],"predecessor-version":[{"id":2727,"href":"https:\/\/dr.rocateo.ubbcluj.ro\/ro\/wp-json\/wp\/v2\/pages\/665\/revisions\/2727"}],"wp:attachment":[{"href":"https:\/\/dr.rocateo.ubbcluj.ro\/ro\/wp-json\/wp\/v2\/media?parent=665"}],"curies":[{"name":"wp","href":"https:\/\/api.w.org\/{rel}","templated":true}]}}