{"id":860,"date":"2021-10-10T18:42:23","date_gmt":"2021-10-10T18:42:23","guid":{"rendered":"https:\/\/dr.rocateo.ubbcluj.ro\/cercetare\/publikaciok\/"},"modified":"2024-02-14T07:50:27","modified_gmt":"2024-02-14T07:50:27","slug":"publikaciok","status":"publish","type":"page","link":"https:\/\/dr.rocateo.ubbcluj.ro\/ro\/cercetare\/publikaciok\/","title":{"rendered":"Publica\u021bii doctoranzi"},"content":{"rendered":"<p>[vc_row][vc_column][vc_column_text]<\/p>\n<h4><a href=\"\/wp-content\/uploads\/2021\/10\/iulian_budau.pdf\">Drd. Budau Iulian<\/a><\/h4>\n<h4><a href=\"\/wp-content\/uploads\/2021\/10\/geng_noemi.pdf\">Drd. Geng No\u00e9mi<\/a><\/h4>\n<h4><a href=\"\/wp-content\/uploads\/2021\/10\/jonica_xenia_.pdf\">Drd. J\u00f3nica X\u00e9nia<\/a><\/h4>\n<h4><a href=\"\/wp-content\/uploads\/2021\/10\/kantor_viola.pdf\">Drd. K\u00e1ntor Viola<\/a><\/h4>\n<h4><a href=\"\/wp-content\/uploads\/2021\/10\/obermajer_ervin.pdf\">Drd. Oberm\u00e1jer Ervin<\/a><\/h4>\n<h4><a href=\"https:\/\/dr.rocateo.ubbcluj.ro\/wp-content\/uploads\/2024\/02\/Octavian-Plesa-lucrari.docx\">Drd. Octavian Ple\u0219a<\/a><\/h4>\n<p><strong><a href=\"https:\/\/dr.rocateo.ubbcluj.ro\/wp-content\/uploads\/2023\/06\/Sinteza_Activitate_SDRCS.pdf\">Sinteza_Activitate_SDRCS<\/a><\/strong>[\/vc_column_text][\/vc_column][\/vc_row]<\/p>\n","protected":false},"excerpt":{"rendered":"<p>[vc_row][vc_column][vc_column_text] Drd. Budau Iulian Drd. Geng No\u00e9mi Drd. J\u00f3nica X\u00e9nia Drd. K\u00e1ntor Viola Drd. Oberm\u00e1jer Ervin Drd. Octavian Ple\u0219a Sinteza_Activitate_SDRCS[\/vc_column_text][\/vc_column][\/vc_row]<\/p>\n","protected":false},"author":1,"featured_media":0,"parent":776,"menu_order":0,"comment_status":"closed","ping_status":"closed","template":"","meta":[],"_links":{"self":[{"href":"https:\/\/dr.rocateo.ubbcluj.ro\/ro\/wp-json\/wp\/v2\/pages\/860"}],"collection":[{"href":"https:\/\/dr.rocateo.ubbcluj.ro\/ro\/wp-json\/wp\/v2\/pages"}],"about":[{"href":"https:\/\/dr.rocateo.ubbcluj.ro\/ro\/wp-json\/wp\/v2\/types\/page"}],"author":[{"embeddable":true,"href":"https:\/\/dr.rocateo.ubbcluj.ro\/ro\/wp-json\/wp\/v2\/users\/1"}],"replies":[{"embeddable":true,"href":"https:\/\/dr.rocateo.ubbcluj.ro\/ro\/wp-json\/wp\/v2\/comments?post=860"}],"version-history":[{"count":6,"href":"https:\/\/dr.rocateo.ubbcluj.ro\/ro\/wp-json\/wp\/v2\/pages\/860\/revisions"}],"predecessor-version":[{"id":2490,"href":"https:\/\/dr.rocateo.ubbcluj.ro\/ro\/wp-json\/wp\/v2\/pages\/860\/revisions\/2490"}],"up":[{"embeddable":true,"href":"https:\/\/dr.rocateo.ubbcluj.ro\/ro\/wp-json\/wp\/v2\/pages\/776"}],"wp:attachment":[{"href":"https:\/\/dr.rocateo.ubbcluj.ro\/ro\/wp-json\/wp\/v2\/media?parent=860"}],"curies":[{"name":"wp","href":"https:\/\/api.w.org\/{rel}","templated":true}]}}